{"id":9,"date":"2013-06-20T11:39:38","date_gmt":"2013-06-20T09:39:38","guid":{"rendered":"http:\/\/www.heimanco.se\/cbazyx\/friskvard\/?page_id=7"},"modified":"2016-08-03T16:38:39","modified_gmt":"2016-08-03T14:38:39","slug":"aktiviteter","status":"publish","type":"page","link":"http:\/\/heimanco.se\/friskvard\/aktiviteter\/","title":{"rendered":"Friskv\u00e5rd"},"content":{"rendered":"<p>Vi erbjuder en rad friskv\u00e5rdsaktiviteter. Utbudet \u00e4ndras efter hand. Aktuellt utbud hittar du i rullgardinsmenyn. Saknar du n\u00e5got eller har speciella \u00f6nskem\u00e5l, tveka inte att h\u00f6ra av dig till oss.<\/p>\n<p>&nbsp;<\/p>\n","protected":false},"excerpt":{"rendered":"<p>Vi erbjuder en rad friskv\u00e5rdsaktiviteter. Utbudet \u00e4ndras efter hand. Aktuellt utbud hittar du i rullgardinsmenyn. Saknar du n\u00e5got eller har speciella \u00f6nskem\u00e5l, tveka inte att h\u00f6ra av dig till oss. &nbsp;<\/p>\n","protected":false},"author":1,"featured_media":92,"parent":0,"menu_order":3,"comment_status":"closed","ping_status":"closed","template":"","meta":[],"_links":{"self":[{"href":"http:\/\/heimanco.se\/friskvard\/wp-json\/wp\/v2\/pages\/9"}],"collection":[{"href":"http:\/\/heimanco.se\/friskvard\/wp-json\/wp\/v2\/pages"}],"about":[{"href":"http:\/\/heimanco.se\/friskvard\/wp-json\/wp\/v2\/types\/page"}],"author":[{"embeddable":true,"href":"http:\/\/heimanco.se\/friskvard\/wp-json\/wp\/v2\/users\/1"}],"replies":[{"embeddable":true,"href":"http:\/\/heimanco.se\/friskvard\/wp-json\/wp\/v2\/comments?post=9"}],"version-history":[{"count":11,"href":"http:\/\/heimanco.se\/friskvard\/wp-json\/wp\/v2\/pages\/9\/revisions"}],"predecessor-version":[{"id":1075,"href":"http:\/\/heimanco.se\/friskvard\/wp-json\/wp\/v2\/pages\/9\/revisions\/1075"}],"wp:featuredmedia":[{"embeddable":true,"href":"http:\/\/heimanco.se\/friskvard\/wp-json\/wp\/v2\/media\/92"}],"wp:attachment":[{"href":"http:\/\/heimanco.se\/friskvard\/wp-json\/wp\/v2\/media?parent=9"}],"curies":[{"name":"wp","href":"https:\/\/api.w.org\/{rel}","templated":true}]}}