{"id":862,"date":"2015-07-21T21:38:04","date_gmt":"2015-07-21T19:38:04","guid":{"rendered":"http:\/\/heimanco.se\/friskvard\/?page_id=862"},"modified":"2015-07-23T19:44:53","modified_gmt":"2015-07-23T17:44:53","slug":"arbeta-ratt-vid-bildskarm","status":"publish","type":"page","link":"http:\/\/heimanco.se\/friskvard\/arbeta-ratt-vid-bildskarm\/","title":{"rendered":"Arbeta r\u00e4tt vid bildsk\u00e4rm"},"content":{"rendered":"<p>Ergonomisk arbetsplats genomg\u00e5ng f\u00f6r att Arbeta r\u00e4tt vid Bildsk\u00e4rmsarbete enl AFS 1998:05 samt Synergonomi<\/p>\n<p>Ergonomi betyder l\u00e4ran om anpassning av arbete och milj\u00f6 till m\u00e4nniskans behov och f\u00f6ruts\u00e4ttningar. Det handlar ofta om hur arbetsplatsen och arbetsmilj\u00f6 ska se ut rent tekniskt f\u00f6r att inte slita p\u00e5 kroppen i on\u00f6dan, till exempel arbetsst\u00e4llning, arbetsh\u00f6jd, ljud, ljus och klimat men \u00e4ven hur kroppen anv\u00e4nds p\u00e5 ett riktigt s\u00e4tt.<\/p>\n<p>Vi som kommer till Er \u00e4r legitimerade Fysioterapeuter<\/p>\n<p>Vi utformar v\u00e5r ergonomitj\u00e4nst utifr\u00e5n Era behov. Grundpaketet inneh\u00e5ller:<br \/>\n\u2022 30 min gemensam f\u00f6rel\u00e4sning i grunderna f\u00f6r att arbeta r\u00e4tt vid bildsk\u00e4rm<br \/>\n\u2022 30 min individuell genomg\u00e5ng och justering av befintlig utrustning<br \/>\n\u2022 Skriftlig rapport med f\u00f6rslag p\u00e5 \u00e5tg\u00e4rder<br \/>\n\u2022 Vi kommer till er<\/p>\n<p>Vi rekommenderar en uppf\u00f6ljning d\u00e4r vi tillsammans med skyddsombudet g\u00e5r igenom den skriftliga rapporten och f\u00f6ljer upp gjorda justeringar. Vi efterstr\u00e4var alltid i f\u00f6rsta hand att anv\u00e4nda kroppen som verktyg framf\u00f6r att passivisera m\u00e4nniskan med m\u00e4ngder av hj\u00e4lpmedel. I vissa fall kan det \u00e4nd\u00e5 bli n\u00f6dv\u00e4ndigt med ergonomiska hj\u00e4lpmedel och d\u00e5 hj\u00e4lper vi \u00e4ven till i utprovningen av dessa.<\/p>\n<p>Heiman &amp; Co vision \u00e4r en stark kropp i balans &amp; harmoni. Fokus p\u00e5 fysisk och psykisk h\u00e4lsa ger friskare medarbetare och l\u00e5ngsiktigt h\u00e5llbara organisationer. Vi ser fram emot att samarbeta med Er! Varmt V\u00e4lkommen!<a href=\"http:\/\/heimanco.se\/friskvard\/wp-content\/uploads\/2015\/07\/Bildsk\u00e4rmsavst\u00e5nd.jpg\"><img loading=\"lazy\" class=\"alignright size-medium wp-image-863\" src=\"http:\/\/heimanco.se\/friskvard\/wp-content\/uploads\/2015\/07\/Bildsk\u00e4rmsavst\u00e5nd-300x300.jpg\" alt=\"Bildsk\u00e4rmsavst\u00e5nd\" width=\"300\" height=\"300\" srcset=\"http:\/\/heimanco.se\/friskvard\/wp-content\/uploads\/2015\/07\/Bildsk\u00e4rmsavst\u00e5nd-300x300.jpg 300w, http:\/\/heimanco.se\/friskvard\/wp-content\/uploads\/2015\/07\/Bildsk\u00e4rmsavst\u00e5nd-150x150.jpg 150w, http:\/\/heimanco.se\/friskvard\/wp-content\/uploads\/2015\/07\/Bildsk\u00e4rmsavst\u00e5nd-230x230.jpg 230w, http:\/\/heimanco.se\/friskvard\/wp-content\/uploads\/2015\/07\/Bildsk\u00e4rmsavst\u00e5nd-80x80.jpg 80w, http:\/\/heimanco.se\/friskvard\/wp-content\/uploads\/2015\/07\/Bildsk\u00e4rmsavst\u00e5nd.jpg 676w\" sizes=\"(max-width: 300px) 100vw, 300px\" \/><\/a><\/p>\n","protected":false},"excerpt":{"rendered":"<p>Ergonomisk arbetsplats genomg\u00e5ng f\u00f6r att Arbeta r\u00e4tt vid Bildsk\u00e4rmsarbete enl AFS 1998:05 samt Synergonomi Ergonomi betyder l\u00e4ran om anpassning av arbete och milj\u00f6 till m\u00e4nniskans behov och f\u00f6ruts\u00e4ttningar. Det handlar ofta om hur arbetsplatsen och arbetsmilj\u00f6 ska se ut rent&hellip; <\/p>\n","protected":false},"author":1,"featured_media":0,"parent":0,"menu_order":0,"comment_status":"closed","ping_status":"closed","template":"","meta":[],"_links":{"self":[{"href":"http:\/\/heimanco.se\/friskvard\/wp-json\/wp\/v2\/pages\/862"}],"collection":[{"href":"http:\/\/heimanco.se\/friskvard\/wp-json\/wp\/v2\/pages"}],"about":[{"href":"http:\/\/heimanco.se\/friskvard\/wp-json\/wp\/v2\/types\/page"}],"author":[{"embeddable":true,"href":"http:\/\/heimanco.se\/friskvard\/wp-json\/wp\/v2\/users\/1"}],"replies":[{"embeddable":true,"href":"http:\/\/heimanco.se\/friskvard\/wp-json\/wp\/v2\/comments?post=862"}],"version-history":[{"count":1,"href":"http:\/\/heimanco.se\/friskvard\/wp-json\/wp\/v2\/pages\/862\/revisions"}],"predecessor-version":[{"id":864,"href":"http:\/\/heimanco.se\/friskvard\/wp-json\/wp\/v2\/pages\/862\/revisions\/864"}],"wp:attachment":[{"href":"http:\/\/heimanco.se\/friskvard\/wp-json\/wp\/v2\/media?parent=862"}],"curies":[{"name":"wp","href":"https:\/\/api.w.org\/{rel}","templated":true}]}}