{"id":841,"date":"2015-07-21T20:21:49","date_gmt":"2015-07-21T18:21:49","guid":{"rendered":"http:\/\/heimanco.se\/friskvard\/?page_id=841"},"modified":"2015-07-24T15:21:06","modified_gmt":"2015-07-24T13:21:06","slug":"stresshantering","status":"publish","type":"page","link":"http:\/\/heimanco.se\/friskvard\/stresshantering\/","title":{"rendered":"Stresshantering"},"content":{"rendered":"<p><a href=\"http:\/\/heimanco.se\/friskvard\/wp-content\/uploads\/2014\/06\/Vikh\u00f6g-128.jpg\"><img loading=\"lazy\" class=\"alignright wp-image-318 size-large\" src=\"http:\/\/heimanco.se\/friskvard\/wp-content\/uploads\/2014\/06\/Vikh\u00f6g-128-1024x682.jpg\" alt=\"Vikh\u00f6g 128\" width=\"700\" height=\"466\" srcset=\"http:\/\/heimanco.se\/friskvard\/wp-content\/uploads\/2014\/06\/Vikh\u00f6g-128-1024x682.jpg 1024w, http:\/\/heimanco.se\/friskvard\/wp-content\/uploads\/2014\/06\/Vikh\u00f6g-128-300x200.jpg 300w\" sizes=\"(max-width: 700px) 100vw, 700px\" \/><\/a>Har Du n\u00e5got eller flera tecken p\u00e5 stress och bristande \u00e5terh\u00e4mtning?<br \/>\nD\u00e5ligt hum\u00f6r<br \/>\nD\u00e5ligt t\u00e5lamod<br \/>\nKoncentrationssv\u00e5righeter<br \/>\nMinskad f\u00f6rm\u00e5ga till empati<br \/>\nF\u00f6rlorat omd\u00f6me<br \/>\nSv\u00e5rare att fatta beslut<br \/>\nS\u00e4mre minne<br \/>\nS\u00e4mre immunf\u00f6rsvar<br \/>\n\u00d6kad risk f\u00f6r hj\u00e4rt- och k\u00e4rlsjukdom<br \/>\nRisk f\u00f6r fetma och diabetes<br \/>\nSv\u00e5righeter f\u00f6r kroppen att l\u00e4ka skador<br \/>\nV\u00e4rk<br \/>\nSv\u00e5righeter att hantera stress<\/p>\n<p>Stress \u00e4r en urgammal \u00f6verlevnadsmekanism. V\u00e5r hj\u00e4rna \u00e4r evolution\u00e4rt gammal och reagerar fortfarande p\u00e5 samma s\u00e4tt som n\u00e4r sten\u00e5ldersm\u00e4nniskan blev attackerad av en sabeltandad tiger. Idag uts\u00e4tts vi dagligen f\u00f6r en stor m\u00e4ngd stressorer men tiden f\u00f6r reflektion och eftertanke \u00e4r knapp. Det kan leda till fysisk och psykisk oh\u00e4lsa.<\/p>\n<p>Var sj\u00e4tte arbetande svensk anser att han eller hon lider av utmattningssyndrom. Samma personer visar ofta symptom p\u00e5 nedst\u00e4mdhet och \u00e5ngest. P\u00e5 sikt l\u00f6per dessa m\u00e4nniskor st\u00f6rre risk \u00e4n andra f\u00f6r att bli sjukskrivna. Utmattningssyndrom \u00e4r ett tillst\u00e5nd utl\u00f6st av l\u00e5ngvarig stress, d\u00e4r den drabbade inte f\u00e5tt chans till tillr\u00e4cklig \u00e5terh\u00e4mtning.<br \/>\nDet \u00e4r vanligt att den som drabbas av utmattningssyndrom ocks\u00e5 drabbas av en depression till en b\u00f6rjan. Men det g\u00e5r inte att medicinera bort ett utmattningssyndrom med hj\u00e4lp av antidepressiv medicin.<br \/>\nInsjuknandet f\u00f6ljer ofta ett m\u00f6nster. N\u00e4r pressen \u00f6kar p\u00e5 att prestera p\u00e5 jobbet drar vi ner p\u00e5 umg\u00e4nge och tr\u00e4ning. Till slut \u00e4r det bara jobbet kvar. Tar Du inte varningssignalerna p\u00e5 allvar f\u00f6rv\u00e4rras symptomen med v\u00e4rk i kroppen, yrsel, minnesst\u00f6rningar, skuldk\u00e4nslor och en allm\u00e4n gl\u00e4djel\u00f6shet. Sj\u00e4lva insjuknandet startar ofta v\u00e4ldigt dramatiskt med hj\u00e4rtklappning, yrsel, akuta problem att hitta och att f\u00e5 fram r\u00e4tt ord n\u00e4r man vill s\u00e4ga n\u00e5got.<\/p>\n<p>Vi beh\u00f6ver f\u00f6rst\u00e5 vad som driver oss att prestera, b\u00e5de p\u00e5 jobbet, fritiden och i motionssp\u00e5ret. Vi kan drivas av piskan eller moroten. N\u00e4r vi drivs av moroten, drivs vi av gl\u00e4djen och lusten. Vi \u00e4r trygga och blir kreativa, vi presterar bra f\u00f6r vi kan h\u00e4mta kraft och vila ibland. V\u00e5ra fysiska och psykiska system f\u00e5r koppla ner ibland. Det \u00e4r s\u00e5 vi evolution\u00e4rt \u00e4r konstruerade. N\u00e4r grottm\u00e4nniskan hade besegrat den sabeltandade tigern kr\u00f6p de tillbaka in i grottan och nollst\u00e4llde alla stressystem. N\u00e4r vi drivs av piskan, aktiveras v\u00e5rt hotsystem. Det inneb\u00e4r att vi kan f\u00e5 en kick av att lyckas, men vi kommer samtidigt ha ett stressp\u00e5drag. Vi kommer bli slitna och riskerar k\u00e4nna oss missn\u00f6jda \u00e4ven n\u00e4r vi n\u00e5r v\u00e5ra m\u00e5l.<\/p>\n<p>Mental tr\u00e4ning kan skydda oss mot stressrelaterade problem. Precis som med fysisk tr\u00e4ning s\u00e5 m\u00e5ste vi g\u00f6ra det regelbundet f\u00f6r att det ska ha effekt. Vi \u00e4r idag ganska medvetna om att vi beh\u00f6ver l\u00e4gga tid p\u00e5 tr\u00e4ning. Det finns Nationella riktlinjer som s\u00e4ger att vi b\u00f6r r\u00f6ra p\u00e5 oss minst 30 minuter per dag, med samma intensitet som en rask promenad. Men det finns inga rekommendationer om att vi faktiskt beh\u00f6ver avs\u00e4tta tid f\u00f6r att hj\u00e4rnan ska f\u00e5 varva ner. Tar vi inte oss den tiden kommer vi snart f\u00e5 b\u00e5de fysisk och psykiska stressymptom<\/p>\n<p>Vi erbjuder stresshantering i form av<\/p>\n<ul>\n<li><a href=\"http:\/\/heimanco.se\/friskvard\/body-awareness\/\" target=\"_blank\">Body Awareness<\/a> St\u00e4rker dig b\u00e5de fysiskt och mentalt. Body Awareness \u00e4r en metod som anv\u00e4nder kroppen som redskap och jobbar med att medvetandeg\u00f6ra och f\u00f6r\u00e4ndra andnings, h\u00e5llnings och r\u00f6relsem\u00f6nster f\u00f6r att p\u00e5verka tanke och beteendem\u00f6nster. Hj\u00e4rnan \u00e4r plastisk. Precis som kontinuerlig stress \u00f6kar v\u00e5r k\u00e4nslighet f\u00f6r stress, formas hj\u00e4rnan positivt vid tr\u00e4ning av mentala f\u00f6rm\u00e5gor.<\/li>\n<li><a href=\"http:\/\/heimanco.se\/friskvard\/kom-i-gang-grupptraning\/\" target=\"_blank\">Kom-I-G\u00e5ng Grupptr\u00e4ning<\/a> Fysisk aktivitet skyddar hj\u00e4rnan mot stress och depression. Svenska forskare har visat att muskelaktivitet renar blodet fr\u00e5n ett \u00e4mne som bildas vid stress och \u00e4r skadligt f\u00f6r hj\u00e4rnan. Fysisk aktivitet utomhus tillf\u00f6r energi. Att tr\u00e4na i grupp ger en gemenskap och tillh\u00f6righet som \u00e4r en viktig faktor f\u00f6r att \u00f6ka v\u00e5rt v\u00e4lbefinnande. M\u00e5nga upplever att det \u00e4r l\u00e4ttare att somna d\u00e5 de efter fysisk aktivitet har rensat hj\u00e4rnan p\u00e5 tankar \u00e4r fysiskt tr\u00f6tt p\u00e5 ett behagligt s\u00e4tt. Att vistats utomhus i naturligt ljus kan ocks\u00e5 vara en hj\u00e4lp att st\u00e4rka immunf\u00f6rsvaret och reglera s\u00f6mnen.<\/li>\n<li><a href=\"http:\/\/heimanco.se\/friskvard\/en-introduktion-i-sittande-meditation\/\" target=\"_blank\">Meditera<\/a> och vistas i naturen \u00e4r gynnsamt f\u00f6r v\u00e5rt psykiska v\u00e4lbefinnande.<\/li>\n<li>Individuellt Kontakt <a href=\"http:\/\/heimanco.se\/friskvard\/kontakta-oss\/\" target=\"_blank\">mig<\/a><\/li>\n<li>P\u00e5 <a href=\"http:\/\/heimanco.se\/friskvard\/forebygga-psykisk-ohalsa\/\" target=\"_blank\">arbetsplatsen<\/a><\/li>\n<\/ul>\n<p>Var sj\u00e4tte arbetande svensk upplever att han eller hon lider av utmattningssyndrom. \u00c4r Du en av dem? Vad kan Du g\u00f6ra f\u00f6r att p\u00e5verka din situation?<\/p>\n<p><a href=\"http:\/\/www.metodicum.se\/medarbetar-undersokningar\/keds-utmattningssyndrom\/\" target=\"_blank\">Testa<\/a> om Du ligger i riskzonen<a href=\"http:\/\/heimanco.se\/friskvard\/wp-content\/uploads\/2014\/06\/Vikh\u00f6g-056.jpg\"><img loading=\"lazy\" class=\"alignright size-medium wp-image-320\" src=\"http:\/\/heimanco.se\/friskvard\/wp-content\/uploads\/2014\/06\/Vikh\u00f6g-056-300x200.jpg\" alt=\"Vikh\u00f6g 056\" width=\"300\" height=\"200\" srcset=\"http:\/\/heimanco.se\/friskvard\/wp-content\/uploads\/2014\/06\/Vikh\u00f6g-056-300x200.jpg 300w, http:\/\/heimanco.se\/friskvard\/wp-content\/uploads\/2014\/06\/Vikh\u00f6g-056-1024x682.jpg 1024w\" sizes=\"(max-width: 300px) 100vw, 300px\" \/><\/a><a href=\"http:\/\/heimanco.se\/friskvard\/wp-content\/uploads\/2014\/06\/Vikh\u00f6g-164.jpg\"><img loading=\"lazy\" class=\" size-medium wp-image-335 alignleft\" src=\"http:\/\/heimanco.se\/friskvard\/wp-content\/uploads\/2014\/06\/Vikh\u00f6g-164-200x300.jpg\" alt=\"Vikh\u00f6g 164\" width=\"200\" height=\"300\" srcset=\"http:\/\/heimanco.se\/friskvard\/wp-content\/uploads\/2014\/06\/Vikh\u00f6g-164-200x300.jpg 200w, http:\/\/heimanco.se\/friskvard\/wp-content\/uploads\/2014\/06\/Vikh\u00f6g-164-682x1024.jpg 682w\" sizes=\"(max-width: 200px) 100vw, 200px\" \/><\/a><\/p>\n","protected":false},"excerpt":{"rendered":"<p>Har Du n\u00e5got eller flera tecken p\u00e5 stress och bristande \u00e5terh\u00e4mtning? D\u00e5ligt hum\u00f6r D\u00e5ligt t\u00e5lamod Koncentrationssv\u00e5righeter Minskad f\u00f6rm\u00e5ga till empati F\u00f6rlorat omd\u00f6me Sv\u00e5rare att fatta beslut S\u00e4mre minne S\u00e4mre immunf\u00f6rsvar \u00d6kad risk f\u00f6r hj\u00e4rt- och k\u00e4rlsjukdom Risk f\u00f6r fetma och&hellip; <\/p>\n","protected":false},"author":1,"featured_media":0,"parent":0,"menu_order":0,"comment_status":"closed","ping_status":"closed","template":"","meta":[],"_links":{"self":[{"href":"http:\/\/heimanco.se\/friskvard\/wp-json\/wp\/v2\/pages\/841"}],"collection":[{"href":"http:\/\/heimanco.se\/friskvard\/wp-json\/wp\/v2\/pages"}],"about":[{"href":"http:\/\/heimanco.se\/friskvard\/wp-json\/wp\/v2\/types\/page"}],"author":[{"embeddable":true,"href":"http:\/\/heimanco.se\/friskvard\/wp-json\/wp\/v2\/users\/1"}],"replies":[{"embeddable":true,"href":"http:\/\/heimanco.se\/friskvard\/wp-json\/wp\/v2\/comments?post=841"}],"version-history":[{"count":4,"href":"http:\/\/heimanco.se\/friskvard\/wp-json\/wp\/v2\/pages\/841\/revisions"}],"predecessor-version":[{"id":886,"href":"http:\/\/heimanco.se\/friskvard\/wp-json\/wp\/v2\/pages\/841\/revisions\/886"}],"wp:attachment":[{"href":"http:\/\/heimanco.se\/friskvard\/wp-json\/wp\/v2\/media?parent=841"}],"curies":[{"name":"wp","href":"https:\/\/api.w.org\/{rel}","templated":true}]}}