{"id":8,"date":"2013-06-19T12:10:28","date_gmt":"2013-06-19T10:10:28","guid":{"rendered":"http:\/\/www.heimanco.se\/cbazyx\/friskvard\/?page_id=2"},"modified":"2021-12-29T20:36:20","modified_gmt":"2021-12-29T19:36:20","slug":"valkommen","status":"publish","type":"page","link":"http:\/\/heimanco.se\/friskvard\/","title":{"rendered":"V\u00e4lkommen"},"content":{"rendered":"<blockquote>\n<p style=\"text-align: left;\">&#8221;Innan kunskapen b\u00f6rjar leva i musklerna \u00e4r den bara ett vackert rykte&#8221; Asarofolket<\/p>\n<\/blockquote>\n<p><span style=\"font-size: small;\"><strong>Vi erbjuder h\u00e5llbar utveckling med kroppen som verktyg inom friskv\u00e5rd, fysioterapi &amp; f\u00f6retagsh\u00e4lsa.<\/strong><\/span><\/p>\n<p><span style=\"font-size: small;\"><strong>Alltid levererat med kompetens och kreativitet. Alltid lite personligare.<\/strong><br \/>\n<\/span><\/p>\n<p>Du n\u00e5r oss p\u00e5 anna@heimanco.se eller 070\/7756777<\/p>\n<p><img loading=\"lazy\" class=\"size-medium wp-image-1114 alignright\" src=\"http:\/\/heimanco.se\/friskvard\/wp-content\/uploads\/2013\/06\/HEIMAN-Co-300x300.jpg\" alt=\"\" width=\"300\" height=\"300\" srcset=\"http:\/\/heimanco.se\/friskvard\/wp-content\/uploads\/2013\/06\/HEIMAN-Co-300x300.jpg 300w, http:\/\/heimanco.se\/friskvard\/wp-content\/uploads\/2013\/06\/HEIMAN-Co-150x150.jpg 150w, http:\/\/heimanco.se\/friskvard\/wp-content\/uploads\/2013\/06\/HEIMAN-Co-230x230.jpg 230w, http:\/\/heimanco.se\/friskvard\/wp-content\/uploads\/2013\/06\/HEIMAN-Co-80x80.jpg 80w, http:\/\/heimanco.se\/friskvard\/wp-content\/uploads\/2013\/06\/HEIMAN-Co.jpg 500w\" sizes=\"(max-width: 300px) 100vw, 300px\" \/>Vi vill bidra till h\u00e5llbara m\u00e4nniskor. M\u00e4nniskor som kan utveckla sig sj\u00e4lva och p\u00e5verka den milj\u00f6 &amp; det sammanhang de verkar i p\u00e5 ett positivt s\u00e4tt. M\u00e4nniskor som drivs av gl\u00e4dje, lust &amp; nyfikenhet kan prestera utan att fastna i det ber\u00f6mda ekorrhjulet. Att f\u00f6rst\u00e5 mekanismerna bakom v\u00e5ra drivkrafter, oavsett vilken roll vi har, \u00e4r en god b\u00f6rjan f\u00f6r att skapa energibalans. Att hitta en h\u00e5llbar balans mellan utmaningar och det som \u00e4r \u00e5terh\u00e4mtning f\u00f6r just Dig \u00e4r v\u00e4rdefullt. Vi har l\u00e5ng erfarenhet av att kombinera kropp &amp; knopp som verktyg f\u00f6r att n\u00e5 en positiv f\u00f6r\u00e4ndring.<\/p>\n<p>Vi \u00e4r auktoriserad samarbetspartner till <a href=\"https:\/\/www.euroaccident.se\/\" target=\"_blank\" rel=\"noopener noreferrer\">Euro Accident \u00a0<\/a>och <a href=\"https:\/\/www.folksam.se\/forsakringar\/sjukvardsforsakring\">Folksam<\/a> och utf\u00f6r fysioterapeutisk behandling p\u00e5 deras uppdrag.<\/p>\n<p><a href=\"http:\/\/heimanco.se\/friskvard\/wp-content\/uploads\/2013\/06\/DSC_2447.jpg\"><img loading=\"lazy\" class=\"aligncenter wp-image-514 size-large\" src=\"http:\/\/heimanco.se\/friskvard\/wp-content\/uploads\/2013\/06\/DSC_2447-1024x680.jpg\" alt=\"DSC_2447\" width=\"700\" height=\"465\" srcset=\"http:\/\/heimanco.se\/friskvard\/wp-content\/uploads\/2013\/06\/DSC_2447-1024x680.jpg 1024w, http:\/\/heimanco.se\/friskvard\/wp-content\/uploads\/2013\/06\/DSC_2447-300x199.jpg 300w\" sizes=\"(max-width: 700px) 100vw, 700px\" \/><\/a><\/p>\n<p>Kurserna i L\u00f6ddek\u00f6pinge h\u00e5lls i f\u00f6retagets egen lokal med adress Svanv\u00e4gen 7 (<a href=\"http:\/\/kartor.eniro.se\/m\/nSU0E\" target=\"_blank\" rel=\"noopener noreferrer\">se karta<\/a>).<\/p>\n<p><strong>Passar inte tiderna? Kontakta mig s\u00e5 hittar vi en individuell l\u00f6sning.<\/strong><\/p>\n<p><em><strong>Varmt V\u00e4lkommen!<\/strong><\/em><\/p>\n<p><strong>Tips! Skatteverket godk\u00e4nner friskv\u00e5rdsbidrag f\u00f6r alla v\u00e5ra friskv\u00e5rdsaktiviteter f\u00f6r privatpersoner. Kolla vad som g\u00e4ller hos din arbetsgivare.<\/strong><\/p>\n","protected":false},"excerpt":{"rendered":"<p>&#8221;Innan kunskapen b\u00f6rjar leva i musklerna \u00e4r den bara ett vackert rykte&#8221; Asarofolket Vi erbjuder h\u00e5llbar utveckling med kroppen som verktyg inom friskv\u00e5rd, fysioterapi &amp; f\u00f6retagsh\u00e4lsa. Alltid levererat med kompetens och kreativitet. Alltid lite personligare. Du n\u00e5r oss p\u00e5 anna@heimanco.se&hellip; <\/p>\n","protected":false},"author":1,"featured_media":1140,"parent":0,"menu_order":1,"comment_status":"closed","ping_status":"closed","template":"","meta":[],"_links":{"self":[{"href":"http:\/\/heimanco.se\/friskvard\/wp-json\/wp\/v2\/pages\/8"}],"collection":[{"href":"http:\/\/heimanco.se\/friskvard\/wp-json\/wp\/v2\/pages"}],"about":[{"href":"http:\/\/heimanco.se\/friskvard\/wp-json\/wp\/v2\/types\/page"}],"author":[{"embeddable":true,"href":"http:\/\/heimanco.se\/friskvard\/wp-json\/wp\/v2\/users\/1"}],"replies":[{"embeddable":true,"href":"http:\/\/heimanco.se\/friskvard\/wp-json\/wp\/v2\/comments?post=8"}],"version-history":[{"count":30,"href":"http:\/\/heimanco.se\/friskvard\/wp-json\/wp\/v2\/pages\/8\/revisions"}],"predecessor-version":[{"id":1202,"href":"http:\/\/heimanco.se\/friskvard\/wp-json\/wp\/v2\/pages\/8\/revisions\/1202"}],"wp:featuredmedia":[{"embeddable":true,"href":"http:\/\/heimanco.se\/friskvard\/wp-json\/wp\/v2\/media\/1140"}],"wp:attachment":[{"href":"http:\/\/heimanco.se\/friskvard\/wp-json\/wp\/v2\/media?parent=8"}],"curies":[{"name":"wp","href":"https:\/\/api.w.org\/{rel}","templated":true}]}}