{"id":368,"date":"2014-07-18T12:32:01","date_gmt":"2014-07-18T10:32:01","guid":{"rendered":"http:\/\/heimanco.se\/friskvard\/?page_id=368"},"modified":"2015-07-19T16:05:36","modified_gmt":"2015-07-19T14:05:36","slug":"pt","status":"publish","type":"page","link":"http:\/\/heimanco.se\/friskvard\/pt\/","title":{"rendered":"PT"},"content":{"rendered":"<p><a href=\"http:\/\/heimanco.se\/friskvard\/wp-content\/uploads\/2014\/11\/008-e1416313360399.jpg\"><img loading=\"lazy\" class=\"alignleft wp-image-598 size-medium\" src=\"http:\/\/heimanco.se\/friskvard\/wp-content\/uploads\/2014\/11\/008-e1416313360399-225x300.jpg\" alt=\"008\" width=\"225\" height=\"300\" srcset=\"http:\/\/heimanco.se\/friskvard\/wp-content\/uploads\/2014\/11\/008-e1416313360399-225x300.jpg 225w, http:\/\/heimanco.se\/friskvard\/wp-content\/uploads\/2014\/11\/008-e1416313360399-768x1024.jpg 768w\" sizes=\"(max-width: 225px) 100vw, 225px\" \/><\/a>Coaching och Personlig Tr\u00e4ning f\u00f6r Dig som vill m\u00e5 b\u00e4ttre men har sv\u00e5rt att komma ig\u00e5ng.<\/p>\n<p>Vi b\u00f6rjar alltid med ett samtal s\u00e5 att vi har en gemensam bild av Dina nuvarande resurser, f\u00f6ruts\u00e4ttningar, sv\u00e5righeter, \u00f6nskem\u00e5l, dr\u00f6mmar och f\u00f6rv\u00e4ntningar.<\/p>\n<p>\u00c4r Ni ett g\u00e4ng kompisar som vill komma i form tillsammans g\u00e5r det bra att &#8221;Dela p\u00e5 en PT!&#8221;<\/p>\n<p>F\u00f6r att g\u00f6ra slag i saken, prisuppgift eller mer info <a href=\"http:\/\/heimanco.se\/friskvard\/kontakta-oss\/\" target=\"_blank\">kontakta mig<\/a>.<\/p>\n<p>Det absolut viktigaste f\u00f6r att lyckas komma ig\u00e5ng \u00e4r att Du har best\u00e4mt Dig. Best\u00e4mt Dig f\u00f6r att Du och Din h\u00e4lsa \u00e4r viktig och v\u00e4rd att prioritera.<br \/>\nMotivation i form av inre driv kraft, i form av mor\u00f6tter, \u00e4r s\u00e5 mycket starkare och ger s\u00e5 mycket b\u00e4ttre f\u00f6ruts\u00e4ttningar f\u00f6r ett h\u00e5llbart resultat \u00e4n piskan och yttre faktorer.<br \/>\nVad vill Du? Varf\u00f6r vill Du genomf\u00f6ra den f\u00f6r\u00e4ndringen? Har Du best\u00e4mt Dig?<\/p>\n<p>F\u00f6r att f\u00e5 ett h\u00e5llbart resultat av sin tr\u00e4ning underl\u00e4ttar m\u00e5l och uppf\u00f6ljning.<\/p>\n<p><strong>M\u00c5L<\/strong>:<br \/>\nM\u00e5l kan vara<br \/>\nGenomf\u00f6rande M\u00e5l (Klara av att springa 5 km)<br \/>\nPrestations M\u00e5l (Springa 5 km p\u00e5 30 minuter)<br \/>\nK\u00e4nslom\u00e4ssig M\u00e5l (Kunna njuta av att springa 5 km)<br \/>\nAlla M\u00e5l b\u00f6r vara SMARTa<br \/>\n<strong>S<\/strong>pecifika<br \/>\n<strong>M<\/strong>\u00e4tbara<br \/>\n<strong>A<\/strong>ccepterade<br \/>\n<strong>R<\/strong>ealistiska<br \/>\n<strong>T<\/strong>idsbest\u00e4mda<\/p>\n<p>Med t\u00e5lamod och modet att lita p\u00e5 dina resurser och p\u00e5 processen kan du \u00f6vervinna Dina hinder och h\u00e5lla Dig till planen<\/p>\n","protected":false},"excerpt":{"rendered":"<p>Coaching och Personlig Tr\u00e4ning f\u00f6r Dig som vill m\u00e5 b\u00e4ttre men har sv\u00e5rt att komma ig\u00e5ng. Vi b\u00f6rjar alltid med ett samtal s\u00e5 att vi har en gemensam bild av Dina nuvarande resurser, f\u00f6ruts\u00e4ttningar, sv\u00e5righeter, \u00f6nskem\u00e5l, dr\u00f6mmar och f\u00f6rv\u00e4ntningar. \u00c4r&hellip; <\/p>\n","protected":false},"author":1,"featured_media":0,"parent":0,"menu_order":0,"comment_status":"closed","ping_status":"closed","template":"","meta":[],"_links":{"self":[{"href":"http:\/\/heimanco.se\/friskvard\/wp-json\/wp\/v2\/pages\/368"}],"collection":[{"href":"http:\/\/heimanco.se\/friskvard\/wp-json\/wp\/v2\/pages"}],"about":[{"href":"http:\/\/heimanco.se\/friskvard\/wp-json\/wp\/v2\/types\/page"}],"author":[{"embeddable":true,"href":"http:\/\/heimanco.se\/friskvard\/wp-json\/wp\/v2\/users\/1"}],"replies":[{"embeddable":true,"href":"http:\/\/heimanco.se\/friskvard\/wp-json\/wp\/v2\/comments?post=368"}],"version-history":[{"count":4,"href":"http:\/\/heimanco.se\/friskvard\/wp-json\/wp\/v2\/pages\/368\/revisions"}],"predecessor-version":[{"id":814,"href":"http:\/\/heimanco.se\/friskvard\/wp-json\/wp\/v2\/pages\/368\/revisions\/814"}],"wp:attachment":[{"href":"http:\/\/heimanco.se\/friskvard\/wp-json\/wp\/v2\/media?parent=368"}],"curies":[{"name":"wp","href":"https:\/\/api.w.org\/{rel}","templated":true}]}}