{"id":337,"date":"2014-06-25T11:56:06","date_gmt":"2014-06-25T09:56:06","guid":{"rendered":"http:\/\/heimanco.se\/friskvard\/?page_id=337"},"modified":"2016-08-05T21:34:00","modified_gmt":"2016-08-05T19:34:00","slug":"foretag","status":"publish","type":"page","link":"http:\/\/heimanco.se\/friskvard\/foretag\/","title":{"rendered":"F\u00f6retag"},"content":{"rendered":"<p>Vi ordnar kick-off, hel- och halvdagar, f\u00f6r f\u00f6retag.<\/p>\n<p>Vi har \u00e4ven m\u00f6jlighet att delta med teoretiska f\u00f6rel\u00e4sningar och praktiska \u00f6vningar i samband med utbildningsdagar.<\/p>\n<p>Att k\u00f6pa in en kurs i Body Awareness f\u00f6r att f\u00f6rebygga stress och psykisk oh\u00e4lsa \u00e4r en god och l\u00f6nsam investering f\u00f6r Ditt f\u00f6retag\/organisation.<\/p>\n<p>Kontakta oss med Dina behov s\u00e5 ber\u00e4ttar vi p\u00e5 vilket s\u00e4tt Body Awareness kan hj\u00e4lpa Dig, Dina chefer och Dina anst\u00e4llda.<\/p>\n<p>Vi erbjuder \u00e4ven Ergonomi och hj\u00e4lper Er med lagstadgat Systematiskt Arbetsmilj\u00f6arbete.<\/p>\n<p>&nbsp;<\/p>\n","protected":false},"excerpt":{"rendered":"<p>Vi ordnar kick-off, hel- och halvdagar, f\u00f6r f\u00f6retag. Vi har \u00e4ven m\u00f6jlighet att delta med teoretiska f\u00f6rel\u00e4sningar och praktiska \u00f6vningar i samband med utbildningsdagar. Att k\u00f6pa in en kurs i Body Awareness f\u00f6r att f\u00f6rebygga stress och psykisk oh\u00e4lsa \u00e4r&hellip; <\/p>\n","protected":false},"author":1,"featured_media":0,"parent":0,"menu_order":0,"comment_status":"closed","ping_status":"closed","template":"","meta":[],"_links":{"self":[{"href":"http:\/\/heimanco.se\/friskvard\/wp-json\/wp\/v2\/pages\/337"}],"collection":[{"href":"http:\/\/heimanco.se\/friskvard\/wp-json\/wp\/v2\/pages"}],"about":[{"href":"http:\/\/heimanco.se\/friskvard\/wp-json\/wp\/v2\/types\/page"}],"author":[{"embeddable":true,"href":"http:\/\/heimanco.se\/friskvard\/wp-json\/wp\/v2\/users\/1"}],"replies":[{"embeddable":true,"href":"http:\/\/heimanco.se\/friskvard\/wp-json\/wp\/v2\/comments?post=337"}],"version-history":[{"count":4,"href":"http:\/\/heimanco.se\/friskvard\/wp-json\/wp\/v2\/pages\/337\/revisions"}],"predecessor-version":[{"id":1076,"href":"http:\/\/heimanco.se\/friskvard\/wp-json\/wp\/v2\/pages\/337\/revisions\/1076"}],"wp:attachment":[{"href":"http:\/\/heimanco.se\/friskvard\/wp-json\/wp\/v2\/media?parent=337"}],"curies":[{"name":"wp","href":"https:\/\/api.w.org\/{rel}","templated":true}]}}