{"id":19,"date":"2013-06-20T11:41:47","date_gmt":"2013-06-20T09:41:47","guid":{"rendered":"http:\/\/www.heimanco.se\/cbazyx\/friskvard\/?page_id=19"},"modified":"2022-01-28T14:15:03","modified_gmt":"2022-01-28T13:15:03","slug":"om-oss","status":"publish","type":"page","link":"http:\/\/heimanco.se\/friskvard\/om-oss\/","title":{"rendered":"Anna"},"content":{"rendered":"<p><strong><span style=\"font-size: small;\"><img loading=\"lazy\" class=\" wp-image-98 alignright\" style=\"margin-right: 20px;\" src=\"http:\/\/heimanco.se\/friskvard\/wp-content\/uploads\/2013\/06\/om_anna.jpg\" alt=\"Anna Heiman\" width=\"236\" height=\"315\" srcset=\"http:\/\/heimanco.se\/friskvard\/wp-content\/uploads\/2013\/06\/om_anna.jpg 300w, http:\/\/heimanco.se\/friskvard\/wp-content\/uploads\/2013\/06\/om_anna-225x300.jpg 225w\" sizes=\"(max-width: 236px) 100vw, 236px\" \/>Om Anna Heiman: <\/span><\/strong><\/p>\n<p>Jag \u00e4r legitimerad fysioterapeut sedan 2000. Diplomerad mass\u00f6r.<br \/>\nJag brinner f\u00f6r att dela med mig av min kunskap och erfarenhet p\u00e5 ett s\u00e4tt som kan motivera och inspirera Dig att g\u00f6ra lite smartare val i vardagen. Val som kan leda till H\u00e5llbar H\u00e4lsa och \u00d6kad Livskvalitet.<\/p>\n<p>Med mitt norrl\u00e4ndska lugn och pedagogiska l\u00e4ggning ser jag till hela Dig och utg\u00e5r ifr\u00e5n Dina f\u00f6ruts\u00e4ttningar och resurser.<\/p>\n<p>Jag har under m\u00e5nga \u00e5r jobbat p\u00e5 Universitetssjukhus med att motivera de sv\u00e5rast sjuka att tr\u00e4na och \u00e5terf\u00e5 livslust. Idag arbetar jag med att f\u00f6rebygga fysisk och psykisk oh\u00e4lsa p\u00e5 alla plan. Jag erbjuder \u00e4ven fysioterapeutisk sjukv\u00e5rdande behandling i samarbete med Euro Accident och Folksam.<\/p>\n<p>Hur kan jag hj\u00e4lpa Dig? V\u00e4lkommen att kontakta mig!<\/p>\n<p><strong>Utbildning:<\/strong><\/p>\n<p>Sjukgymnastprogrammet<\/p>\n<p>Basal Kroppsk\u00e4nnedom Terapeutisk kompetens<\/p>\n<p>Basal Kroppsk\u00e4nnedom steg E<a href=\"http:\/\/heimanco.se\/friskvard\/wp-content\/uploads\/2013\/06\/100-FysioterapeuternaRGB.png\"><img loading=\"lazy\" class=\"wp-image-815 alignright\" src=\"http:\/\/heimanco.se\/friskvard\/wp-content\/uploads\/2013\/06\/100-FysioterapeuternaRGB.png\" alt=\"Medlem i Fysioterapeuterna\" width=\"192\" height=\"163\" \/><\/a><\/p>\n<p>Basal Kroppsk\u00e4nnedom steg D<br \/>\nBasal Kroppsk\u00e4nnedom steg C<br \/>\nBasal Kroppsk\u00e4nnedom steg B<br \/>\nBasal Kroppsk\u00e4nnedom steg A<br \/>\nBasal Kroppsk\u00e4nnedom steg 1<\/p>\n<p>Arbetslivspsykologi<\/p>\n<p>Psykologi<\/p>\n<p>Projekt, Kontroll och Ledarskap<\/p>\n<p>Anpassa och ordinera fysiskt aktivitet <img loading=\"lazy\" class=\"size-full wp-image-1062 alignright\" src=\"http:\/\/heimanco.se\/friskvard\/wp-content\/uploads\/2016\/04\/ea_logo.png\" alt=\"\" width=\"132\" height=\"62\" \/><\/p>\n<p><strong>Kontaktuppgifter:<\/strong><strong><br \/>\n<\/strong><\/p>\n<p>anna@heimanco.se<\/p>\n<p>070\/7756777<\/p>\n<p>www.facebook.com\/heimancofriskvard<\/p>\n<p>Svanv\u00e4gen 7<br \/>\n24632 L\u00f6ddek\u00f6pinge<\/p>\n<p><strong>Heiman &amp; Co AB<\/strong> bildades 2013-06-03<br \/>\nOrg.nr. 556933-4997<br \/>\nGodk\u00e4nd f\u00f6r F-skatt och registrerad i Momsregistret<img loading=\"lazy\" class=\" wp-image-1108 alignright\" src=\"http:\/\/heimanco.se\/friskvard\/wp-content\/uploads\/2013\/06\/logga-folksam-300x64.png\" alt=\"\" width=\"244\" height=\"52\" srcset=\"http:\/\/heimanco.se\/friskvard\/wp-content\/uploads\/2013\/06\/logga-folksam-300x64.png 300w, http:\/\/heimanco.se\/friskvard\/wp-content\/uploads\/2013\/06\/logga-folksam.png 739w\" sizes=\"(max-width: 244px) 100vw, 244px\" \/><\/p>\n","protected":false},"excerpt":{"rendered":"<p>Om Anna Heiman: Jag \u00e4r legitimerad fysioterapeut sedan 2000. Diplomerad mass\u00f6r. Jag brinner f\u00f6r att dela med mig av min kunskap och erfarenhet p\u00e5 ett s\u00e4tt som kan motivera och inspirera Dig att g\u00f6ra lite smartare val i vardagen. Val&hellip; <\/p>\n","protected":false},"author":1,"featured_media":99,"parent":0,"menu_order":5,"comment_status":"closed","ping_status":"closed","template":"","meta":[],"_links":{"self":[{"href":"http:\/\/heimanco.se\/friskvard\/wp-json\/wp\/v2\/pages\/19"}],"collection":[{"href":"http:\/\/heimanco.se\/friskvard\/wp-json\/wp\/v2\/pages"}],"about":[{"href":"http:\/\/heimanco.se\/friskvard\/wp-json\/wp\/v2\/types\/page"}],"author":[{"embeddable":true,"href":"http:\/\/heimanco.se\/friskvard\/wp-json\/wp\/v2\/users\/1"}],"replies":[{"embeddable":true,"href":"http:\/\/heimanco.se\/friskvard\/wp-json\/wp\/v2\/comments?post=19"}],"version-history":[{"count":23,"href":"http:\/\/heimanco.se\/friskvard\/wp-json\/wp\/v2\/pages\/19\/revisions"}],"predecessor-version":[{"id":1211,"href":"http:\/\/heimanco.se\/friskvard\/wp-json\/wp\/v2\/pages\/19\/revisions\/1211"}],"wp:featuredmedia":[{"embeddable":true,"href":"http:\/\/heimanco.se\/friskvard\/wp-json\/wp\/v2\/media\/99"}],"wp:attachment":[{"href":"http:\/\/heimanco.se\/friskvard\/wp-json\/wp\/v2\/media?parent=19"}],"curies":[{"name":"wp","href":"https:\/\/api.w.org\/{rel}","templated":true}]}}