{"id":1162,"date":"2018-10-02T14:26:23","date_gmt":"2018-10-02T12:26:23","guid":{"rendered":"http:\/\/heimanco.se\/friskvard\/?page_id=1162"},"modified":"2018-10-02T14:46:19","modified_gmt":"2018-10-02T12:46:19","slug":"den-livsviktiga-stressen","status":"publish","type":"page","link":"http:\/\/heimanco.se\/friskvard\/den-livsviktiga-stressen\/","title":{"rendered":"Den livsviktiga stressen"},"content":{"rendered":"<p><a href=\"http:\/\/heimanco.se\/friskvard\/wp-content\/uploads\/2013\/09\/MG_5360.jpg\"><img loading=\"lazy\" class=\"size-medium wp-image-204 alignright\" src=\"http:\/\/heimanco.se\/friskvard\/wp-content\/uploads\/2013\/09\/MG_5360-300x300.jpg\" alt=\"\" width=\"300\" height=\"300\" srcset=\"http:\/\/heimanco.se\/friskvard\/wp-content\/uploads\/2013\/09\/MG_5360-300x300.jpg 300w, http:\/\/heimanco.se\/friskvard\/wp-content\/uploads\/2013\/09\/MG_5360-150x150.jpg 150w, http:\/\/heimanco.se\/friskvard\/wp-content\/uploads\/2013\/09\/MG_5360-230x230.jpg 230w, http:\/\/heimanco.se\/friskvard\/wp-content\/uploads\/2013\/09\/MG_5360-80x80.jpg 80w, http:\/\/heimanco.se\/friskvard\/wp-content\/uploads\/2013\/09\/MG_5360.jpg 360w\" sizes=\"(max-width: 300px) 100vw, 300px\" \/><\/a>\u201dDet \u00e4r mycket nu men det blir b\u00e4ttre sen\u201d H\u00e5llbar H\u00e4lsa \u2013 Vad \u00e4r stress och hur kan vi sj\u00e4lva p\u00e5verka v\u00e5r arbetsdag?<\/p>\n<p>F\u00f6rel\u00e4sningen ger medarbetarna kunskap om vad den livsviktiga stressen egentligen \u00e4r. Hur vi p\u00e5verkas n\u00e4r kraven och belastningen \u00f6verstiger v\u00e5ra resurser, vilka varningssignaler vi b\u00f6r uppm\u00e4rksamma och vilka m\u00f6jligheter deltagarna sj\u00e4lva har att p\u00e5verka sin h\u00e4lsa och stressniv\u00e5 i en f\u00f6rdelaktig riktning.<\/p>\n<p>Utbildningen inneh\u00e5ller b\u00e5de teoretiska och praktiska moment.<\/p>\n<p>M\u00e5let \u00e4r att \u00f6ka kunskapen inom god h\u00e4lsa och arbetsmilj\u00f6. V\u00e4lutbildad personal utg\u00f6r grunden i en framg\u00e5ngsrik organisation. Att undvika en sjukskrivning relaterat till ett utmattningssyndrom ger stora vinster p\u00e5 individ, organisation och samh\u00e4llsniv\u00e5<\/p>\n","protected":false},"excerpt":{"rendered":"<p>\u201dDet \u00e4r mycket nu men det blir b\u00e4ttre sen\u201d H\u00e5llbar H\u00e4lsa \u2013 Vad \u00e4r stress och hur kan vi sj\u00e4lva p\u00e5verka v\u00e5r arbetsdag? F\u00f6rel\u00e4sningen ger medarbetarna kunskap om vad den livsviktiga stressen egentligen \u00e4r. Hur vi p\u00e5verkas n\u00e4r kraven och&hellip; <\/p>\n","protected":false},"author":1,"featured_media":0,"parent":0,"menu_order":0,"comment_status":"closed","ping_status":"closed","template":"","meta":[],"_links":{"self":[{"href":"http:\/\/heimanco.se\/friskvard\/wp-json\/wp\/v2\/pages\/1162"}],"collection":[{"href":"http:\/\/heimanco.se\/friskvard\/wp-json\/wp\/v2\/pages"}],"about":[{"href":"http:\/\/heimanco.se\/friskvard\/wp-json\/wp\/v2\/types\/page"}],"author":[{"embeddable":true,"href":"http:\/\/heimanco.se\/friskvard\/wp-json\/wp\/v2\/users\/1"}],"replies":[{"embeddable":true,"href":"http:\/\/heimanco.se\/friskvard\/wp-json\/wp\/v2\/comments?post=1162"}],"version-history":[{"count":3,"href":"http:\/\/heimanco.se\/friskvard\/wp-json\/wp\/v2\/pages\/1162\/revisions"}],"predecessor-version":[{"id":1173,"href":"http:\/\/heimanco.se\/friskvard\/wp-json\/wp\/v2\/pages\/1162\/revisions\/1173"}],"wp:attachment":[{"href":"http:\/\/heimanco.se\/friskvard\/wp-json\/wp\/v2\/media?parent=1162"}],"curies":[{"name":"wp","href":"https:\/\/api.w.org\/{rel}","templated":true}]}}