{"id":1123,"date":"2018-09-03T13:17:18","date_gmt":"2018-09-03T11:17:18","guid":{"rendered":"http:\/\/heimanco.se\/friskvard\/?page_id=1123"},"modified":"2018-09-10T16:22:19","modified_gmt":"2018-09-10T14:22:19","slug":"integritetspolicy","status":"publish","type":"page","link":"http:\/\/heimanco.se\/friskvard\/integritetspolicy\/","title":{"rendered":"Integritetspolicy"},"content":{"rendered":"<h2>Information om GDPR<\/h2>\n<p>Vi f\u00f6ljer GDPR. Vi ser det som sj\u00e4lvklart att hantera Dina personuppgifter med omsorg och varken s\u00e4lja, handla eller hyra ut Dina personuppgifter till andra.<\/p>\n<h2>Vilka personuppgifter vi samlar in och varf\u00f6r vi samlar in dem<\/h2>\n<p>Enligt dataskyddsf\u00f6rordningen ska kunden informeras om hur dennes personuppgifter behandlas.<\/p>\n<p>Vi beh\u00f6ver spara och behandla personuppgifter om Dig enligt f\u00f6ljande:<\/p>\n<h3>1) Vid k\u00f6p av v\u00e5ra friskv\u00e5rdstj\u00e4nster som privatperson<\/h3>\n<p>F\u00f6r- och efternamn, adress, mailadress och telefonnummer. Syftet \u00e4r att kunna leverera information kopplat till tj\u00e4nsten och leva upp till kraven i bokf\u00f6ringslagen. N\u00e4r Du sj\u00e4lv anger att Din arbetsgivare kr\u00e4ver att Ditt personnummer finns angivet p\u00e5 kvittot f\u00f6r att Du ska kunna nyttja Ditt friskv\u00e5rdsbidrag hanterar vi \u00e4ven det. Uppgifterna samlas in genom att Du sj\u00e4lv anger aktuella uppgifter i samband med att Du anm\u00e4ler Dig till en aktivitet. Uppgifterna sparas i 7 \u00e5r enligt bokf\u00f6ringslagen och raderas d\u00e4refter om Du inte l\u00e4ngre \u00e4r kund hos oss.<\/p>\n<h3>2) Vid k\u00f6p av tj\u00e4nster som f\u00f6retag<\/h3>\n<p>F\u00f6r- och efternamn, adress, mailadress och telefonnummer till ansvarig kontaktperson och best\u00e4llare av tj\u00e4nst. Namn, adress och organisationssummer till best\u00e4llande f\u00f6retag. Syftet \u00e4r att kunna leverera information kopplat till tj\u00e4nsten, leverera fakturor och leva upp till kraven i bokf\u00f6ringslagen. Uppgifterna samlas in i samband med att kunden tar kontakt och\/eller sluter avtal. Aktuella uppgifter anges av kunden. Uppgifterna sparas i 7 \u00e5r enligt bokf\u00f6ringslagen och raderas d\u00e4refter om Du inte l\u00e4ngre \u00e4r kund hos oss.<\/p>\n<p>I samband med utf\u00f6randet av vissa tj\u00e4nster samlas fotografier in fr\u00e5n arbetsplatsen i samband med bes\u00f6k p\u00e5 arbetsplatsen. Syftet \u00e4r att h\u00f6ja kvaliteten p\u00e5 utf\u00f6randet av best\u00e4lld tj\u00e4nst. Vi undviker i st\u00f6rsta m\u00f6jligaste m\u00e5n bilder d\u00e4r ansiktet p\u00e5 n\u00e5gon anst\u00e4lld visas eller d\u00e4r annan k\u00e4nslig information, som inte \u00e4r n\u00f6dv\u00e4ndig f\u00f6r uppdragets utf\u00f6rande, visas.<\/p>\n<h3>3) Sjukv\u00e5rdande behandling<\/h3>\n<p>All personal som \u00e4r legitimerad inom h\u00e4lso- och sjukv\u00e5rden m\u00e5ste skriva ner sina bed\u00f6mningar, \u00e5tg\u00e4rder och liknande i journalen.<\/p>\n<p>I samband med fysioterapeutisk sjukv\u00e5rdande behandling behandlas och lagras Dina uppgifter i enlighet med Patientdatalagen (PDL 2008:355) Syftet med lagen \u00e4r att skydda Din integritet och att \u00f6ka patients\u00e4kerheten. De lagar som reglerar informationen i och kring Din patientjournal \u00e4r framf\u00f6r allt H\u00e4lso- och sjukv\u00e5rdslagen, Patientdatalagen, Personuppgiftslagen, Offentlighets- och sekretesslagen.<\/p>\n<p>Enligt patientdatalagen ska en patientjournal alltid inneh\u00e5lla f\u00f6ljande:<\/p>\n<ul>\n<li>Uppgifter om din identitet, oftast namn och personnummer.<\/li>\n<li>Journalen ska inneh\u00e5lla uppgifter om varf\u00f6r du f\u00e5r v\u00e5rd.<\/li>\n<li>Den ska inneh\u00e5lla information om den diagnos du har f\u00e5tt och vilka unders\u00f6kningar och behandlingar som du har f\u00e5tt eller som planeras f\u00f6r dig.<\/li>\n<li>I journalen ska det finnas uppgifter om vilken information som du har f\u00e5tt, till exempel vilka behandlingsalternativ som finns och m\u00f6jligheten till en <a href=\"https:\/\/www.1177.se\/Halland\/Tema\/Patientlagen\/Missnojd\/Second-opinion\/\">ny medicinsk bed\u00f6mning<\/a>.<\/li>\n<li>Journalen ska inneh\u00e5lla uppgifter om du har beslutat att avst\u00e5 fr\u00e5n viss v\u00e5rd eller behandling.<\/li>\n<li>Det ska finnas information om vem som har gjort en viss anteckning i journalen och n\u00e4r anteckningen gjordes.<\/li>\n<\/ul>\n<p>Som patient har Du i de flesta fall r\u00e4tt att l\u00e4sa och f\u00e5 kopior p\u00e5 journalhandlingar, men det finns undantag. Om Du inte f\u00f6rst\u00e5r vad som st\u00e5r i journalen kan Du beg\u00e4ra att v\u00e5rdpersonalen f\u00f6rklarar f\u00f6r Dig. Du har m\u00f6jlighet att f\u00e5 anteckningar i journalen om Du tycker att n\u00e5got som st\u00e5r d\u00e4r \u00e4r fel eller missvisande. Om Du har fr\u00e5gor om Din journal kontakta Din v\u00e5rdgivare.<\/p>\n<p>Uppgifterna sparas i enlighet med g\u00e4llande lagstiftning. Elektroniska journaler sparas inte p\u00e5 internet, utan i lokala journalsystem. Journaler m\u00e5ste sparas i minst tio \u00e5r efter den senaste anteckningen.<\/p>\n<p>Det som st\u00e5r i patientjournalen skyddas av <a href=\"https:\/\/www.1177.se\/Halland\/Regler-och-rattigheter\/Tystnadsplikt-och-sekretess\/\">sekretess<\/a>, det vill s\u00e4ga alla uppgifter ska skyddas mot att obeh\u00f6riga f\u00e5r tillg\u00e5ng till dem och kan sprida dessa.<\/p>\n<p>Det \u00e4r bara den h\u00e4lso- och sjukv\u00e5rdspersonal som deltar i v\u00e5rden av dig eller som av annat sk\u00e4l beh\u00f6ver uppgifterna f\u00f6r sitt arbete inom v\u00e5rden som har r\u00e4tt att l\u00e4sa journalen. Det \u00e4r till exempel inte till\u00e5tet f\u00f6r v\u00e5rdpersonal att l\u00e4sa din journal bara f\u00f6r att du r\u00e5kar vara en bekant eller v\u00e4n.<\/p>\n<p>Vissa myndigheter har r\u00e4tt att l\u00e4sa journalen. Till exempel f\u00e5r IVO l\u00e4sa journalen utan att du har gett samtycke till det, f\u00f6r att de ska kunna kontrollera att de best\u00e4mmelser som styr h\u00e4lso- och sjukv\u00e5rden f\u00f6ljs. \u00c4ven F\u00f6rs\u00e4kringskassan och socialtj\u00e4nsten kan ha r\u00e4tt att f\u00e5 l\u00e4sa journaluppgifter utan ditt samtycke. F\u00e5r Du behandling i egenskap av kund hos n\u00e5gon av de f\u00f6rs\u00e4kringsbolag som Heiman &amp; Co AB slutit avtal att leverera fysioterapeutisk behandling till och Du l\u00e4mnat skriftligt tillst\u00e5nd har f\u00f6rs\u00e4kringsbolaget r\u00e4tt att inh\u00e4mta uppgifter ur Din journal.<\/p>\n<p>Vid behov delas uppgifter fr\u00e5n Din journal om Ditt medicinska status, efter Ditt medgivande, med v\u00e5rdgivare som kan bidra till en b\u00e4ttre samlad bild av Ditt aktuella v\u00e5rdbehov och bidra till att Du f\u00e5r b\u00e4sta m\u00f6jliga v\u00e5rd.<\/p>\n<h3>4) P\u00e5 hemsidan<\/h3>\n<h4>Kommentarer<\/h4>\n<p>N\u00e4r bes\u00f6kare l\u00e4mnar kommentarer p\u00e5 webbplatsen samlar vi in de uppgifter som visas i kommentarsformul\u00e4ret samt bes\u00f6karens ip-adress och user agent-str\u00e4ng som hj\u00e4lp f\u00f6r detektering av skr\u00e4pmeddelanden.<\/p>\n<p>En anonymiserad str\u00e4ng som skapats utifr\u00e5n din e-postadress (\u00e4ven kallat hash-v\u00e4rde) kan komma att s\u00e4ndas till tj\u00e4nsten Gravatar f\u00f6r att avg\u00f6ra om du finns registrerad d\u00e4r. Integritetspolicyn f\u00f6r tj\u00e4nsten Gravatar finns p\u00e5 https:\/\/automattic.com\/privacy\/. N\u00e4r din kommentar har godk\u00e4nts kommer din profilbild att visas publikt tillsammans med din kommentar.<\/p>\n<h4>Media<\/h4>\n<p>Om du laddar upp bilder till webbplatsen b\u00f6r du undvika att ladda upp bilder d\u00e4r EXIF-data inkluderar data fr\u00e5n GPS-lokalisering. Bes\u00f6kare till webbplatsen kan ladda ned och ta fram alla positioneringsuppgifter fr\u00e5n bilder p\u00e5 webbplatsen.<\/p>\n<h4>Kontaktformul\u00e4r<\/h4>\n<h4>Cookie-filer<\/h4>\n<p>Om du l\u00e4mnar en kommentar p\u00e5 v\u00e5r webbplats kan du v\u00e4lja att spara ditt namn, din e-postadress och webbplatsadress i cookie-filer. Detta \u00e4r f\u00f6r din bekv\u00e4mlighet f\u00f6r att du inte ska beh\u00f6va fylla i dessa uppgifter igen n\u00e4sta g\u00e5ng du skriver en kommentar. Dessa cookie-filer g\u00e4ller i ett \u00e5r.<\/p>\n<p>Om du har ett konto och loggar in p\u00e5 denna webbplats kommer vi att skapa en tillf\u00e4llig cookie-fil f\u00f6r att kontrollera om din webbl\u00e4sare accepterar cookie-filer. Denna cookie-fil inneh\u00e5ller ingen personligt identifierbar information och f\u00f6rsvinner n\u00e4r du st\u00e4nger din webbl\u00e4sare.<\/p>\n<p>N\u00e4r du loggar in kommer vi dessutom att skapa flera cookie-filer f\u00f6r att spara information om din inloggning och dina val f\u00f6r utformning av sk\u00e4rmlayouten. Cookie-filer f\u00f6r inloggning g\u00e4ller i tv\u00e5 dagar och cookie-filer f\u00f6r layoutval g\u00e4ller i ett \u00e5r. Om du kryssar i \u201dKom ih\u00e5g mig\u201d kommer din cookie att finnas kvar i tv\u00e5 veckor. Om du loggar ut fr\u00e5n ditt konto kommer cookie-filerna f\u00f6r inloggning att tas bort.<\/p>\n<p>Om du redigerar eller publicerar en artikel kommer en extra cookie-fil att sparas i din webbl\u00e4sare. Denna cookie-fil inneh\u00e5ller inga personuppgifter utan anger endast inl\u00e4ggs-ID f\u00f6r den artikel du just redigerade. Den g\u00e4ller under 1 dygn.<\/p>\n<h4>Inb\u00e4ddad inneh\u00e5ll fr\u00e5n andra webbplatser<\/h4>\n<p>Artiklar p\u00e5 denna webbplats kan inneh\u00e5lla inb\u00e4ddat inneh\u00e5ll (exempelvis videoklipp, bilder, artiklar o.s.v.). Inb\u00e4ddat inneh\u00e5ll fr\u00e5n andra webbplatser beter sig precis p\u00e5 samma s\u00e4tt som om bes\u00f6karen har bes\u00f6kt den andra webbplatsen.<\/p>\n<p>Dessa webbplatser kan samla in uppgifter om dig, anv\u00e4nda cookie-filer, b\u00e4dda in ytterligare sp\u00e5rning fr\u00e5n tredje part och \u00f6vervaka din interaktion med sagda inb\u00e4ddade inneh\u00e5ll, inklusive sp\u00e5rning av din interaktion med detta inb\u00e4ddade inneh\u00e5ll om du har ett konto och \u00e4r inloggad p\u00e5 webbplatsen i fr\u00e5ga.<\/p>\n<h2>Vilka vi delar dina data med<\/h2>\n<p>Vi ser det som sj\u00e4lvklart att hantera Dina personuppgifter med omsorg och varken s\u00e4lja, handla eller hyra ut Dina personuppgifter till andra.<\/p>\n<h2>Hur l\u00e4nge vi beh\u00e5ller era uppgifter<\/h2>\n<p>Om du skriver en kommentar kommer kommentaren och dess metadata att sparas utan tidsgr\u00e4ns. Anledningen till detta \u00e4r att vi beh\u00f6ver kunna hitta och godk\u00e4nna uppf\u00f6ljningskommentarer automatiskt och inte l\u00e4gga dem i k\u00f6 f\u00f6r granskning.<\/p>\n<p>F\u00f6r anv\u00e4ndare som registrerar sig p\u00e5 er webbplats (om s\u00e5dana finns) sparar vi \u00e4ven de personuppgifter de anger i sin anv\u00e4ndarprofil. Alla anv\u00e4ndare kan se, redigera eller radera sina personuppgifter n\u00e4r som helst (med undantaget att de inte kan \u00e4ndra sitt anv\u00e4ndarnamn). \u00c4ven webbplatsens administrat\u00f6rer kan se och redigera denna information.<\/p>\n<h2>Vilka r\u00e4ttigheter du har \u00f6ver dina data<\/h2>\n<p>Om du har ett konto eller har skrivit n\u00e5gra kommentarer p\u00e5 denna webbplats kan du beg\u00e4ra en exportfil med de personuppgifter vi har om dig, inklusive alla uppgifter du har gett oss. Du kan ocks\u00e5 beg\u00e4ra att vi tar bort alla personuppgifter vi har om dig. Detta omfattar inte eventuella uppgifter som vi \u00e4r tvungna att spara av administrativa, legala eller s\u00e4kerhets\u00e4ndam\u00e5l.<\/p>\n<h2>Vart vi skickar dina uppgifter<\/h2>\n<p>Kommentarer fr\u00e5n bes\u00f6kare kanske kontrolleras via en automatiserad tj\u00e4nst f\u00f6r detektering av skr\u00e4ppost.<\/p>\n<h2>Sammanfattningsvis<\/h2>\n<p>Vi behandlar Dina personuppgifter med st\u00f6rsta f\u00f6rsiktighet i enlighet med GDPR, bokf\u00f6ringslagen samt ovan angivna lagar kopplat till sjukv\u00e5rdande behandling. Du har r\u00e4tt att kontakta oss om Du vill ha ut information om de uppgifter vi har om Dig, f\u00f6r att beg\u00e4ra r\u00e4ttelse, beg\u00e4ra att vi begr\u00e4nsar behandlingen, g\u00f6ra inv\u00e4ndningar eller beg\u00e4ra radering av Dina uppgifter. Detta g\u00f6r Du enklast genom att kontakta oss p\u00e5 info@heimanco.se Du har r\u00e4tt att v\u00e4nda Dig till tillsynsmyndigheten Datainspektionen om Du har klagom\u00e5l p\u00e5 v\u00e5r behandling av dina personuppgifter.<\/p>\n<h2>Ytterligare information<\/h2>\n<h3>Hur vi skyddar din information<\/h3>\n<h3>Vilka procedurer vi har f\u00f6r datal\u00e4ckor<\/h3>\n<h3>Fr\u00e5n vilka utomst\u00e5ende parter vi tar emot data<\/h3>\n<h3>Vilket automatiserat beslutsfattande och\/eller profilskapande vi g\u00f6r med v\u00e5ra anv\u00e4ndaruppgifter<\/h3>\n<h3>Branschkrav om delgivning av information<\/h3>\n","protected":false},"excerpt":{"rendered":"<p>Information om GDPR Vi f\u00f6ljer GDPR. Vi ser det som sj\u00e4lvklart att hantera Dina personuppgifter med omsorg och varken s\u00e4lja, handla eller hyra ut Dina personuppgifter till andra. Vilka personuppgifter vi samlar in och varf\u00f6r vi samlar in dem Enligt&hellip; <\/p>\n","protected":false},"author":1,"featured_media":0,"parent":0,"menu_order":0,"comment_status":"closed","ping_status":"closed","template":"","meta":[],"_links":{"self":[{"href":"http:\/\/heimanco.se\/friskvard\/wp-json\/wp\/v2\/pages\/1123"}],"collection":[{"href":"http:\/\/heimanco.se\/friskvard\/wp-json\/wp\/v2\/pages"}],"about":[{"href":"http:\/\/heimanco.se\/friskvard\/wp-json\/wp\/v2\/types\/page"}],"author":[{"embeddable":true,"href":"http:\/\/heimanco.se\/friskvard\/wp-json\/wp\/v2\/users\/1"}],"replies":[{"embeddable":true,"href":"http:\/\/heimanco.se\/friskvard\/wp-json\/wp\/v2\/comments?post=1123"}],"version-history":[{"count":6,"href":"http:\/\/heimanco.se\/friskvard\/wp-json\/wp\/v2\/pages\/1123\/revisions"}],"predecessor-version":[{"id":1136,"href":"http:\/\/heimanco.se\/friskvard\/wp-json\/wp\/v2\/pages\/1123\/revisions\/1136"}],"wp:attachment":[{"href":"http:\/\/heimanco.se\/friskvard\/wp-json\/wp\/v2\/media?parent=1123"}],"curies":[{"name":"wp","href":"https:\/\/api.w.org\/{rel}","templated":true}]}}